{"id":287,"date":"2017-05-29T10:54:43","date_gmt":"2017-05-29T08:54:43","guid":{"rendered":"https:\/\/www.pichlerjosef.com\/unternehmen\/"},"modified":"2019-01-02T09:21:30","modified_gmt":"2019-01-02T08:21:30","slug":"impresa","status":"publish","type":"page","link":"https:\/\/www.pichlerjosef.com\/it\/impresa\/","title":{"rendered":"Impresa"},"content":{"rendered":"","protected":false},"excerpt":{"rendered":"","protected":false},"author":1,"featured_media":0,"parent":0,"menu_order":0,"comment_status":"closed","ping_status":"closed","template":"template-unterseiten.php","meta":{"spay_email":""},"acf":[],"yoast_head":"<!-- This site is optimized with the Yoast SEO plugin v19.0 - https:\/\/yoast.com\/wordpress\/plugins\/seo\/ -->\n<title>Bauunternehmen in S\u00fcdtirol, Pichler Bau in Montan<\/title>\n<meta name=\"description\" content=\"Das Bauunternehmen in S\u00fcdtirol ist Ihr Spezialist f\u00fcr den Hochbau und Tiefbau. Pichler Josef Ihr kompetenter Partner wenn es um bauen geht!\" \/>\n<meta name=\"robots\" content=\"index, follow, max-snippet:-1, max-image-preview:large, max-video-preview:-1\" \/>\n<link rel=\"canonical\" href=\"https:\/\/www.pichlerjosef.com\/it\/impresa\/\" \/>\n<meta property=\"og:locale\" content=\"it_IT\" \/>\n<meta property=\"og:type\" content=\"article\" \/>\n<meta property=\"og:title\" content=\"Bauunternehmen in S\u00fcdtirol, Pichler Bau in Montan\" \/>\n<meta property=\"og:description\" content=\"Das Bauunternehmen in S\u00fcdtirol ist Ihr Spezialist f\u00fcr den Hochbau und Tiefbau. Pichler Josef Ihr kompetenter Partner wenn es um bauen geht!\" \/>\n<meta property=\"og:url\" content=\"https:\/\/www.pichlerjosef.com\/it\/impresa\/\" \/>\n<meta property=\"og:site_name\" content=\"www.pichlerjosef.com\" \/>\n<meta property=\"article:publisher\" content=\"https:\/\/www.facebook.com\/Pichler-Josef-Tiefbau-127605807830854\/\" \/>\n<meta property=\"article:modified_time\" content=\"2019-01-02T08:21:30+00:00\" \/>\n<meta name=\"twitter:card\" content=\"summary\" \/>\n<script type=\"application\/ld+json\" class=\"yoast-schema-graph\">{\"@context\":\"https:\/\/schema.org\",\"@graph\":[{\"@type\":\"WebSite\",\"@id\":\"https:\/\/www.pichlerjosef.com\/#website\",\"url\":\"https:\/\/www.pichlerjosef.com\/\",\"name\":\"www.pichlerjosef.com\",\"description\":\"\",\"potentialAction\":[{\"@type\":\"SearchAction\",\"target\":{\"@type\":\"EntryPoint\",\"urlTemplate\":\"https:\/\/www.pichlerjosef.com\/?s={search_term_string}\"},\"query-input\":\"required name=search_term_string\"}],\"inLanguage\":\"it-IT\"},{\"@type\":\"WebPage\",\"@id\":\"https:\/\/www.pichlerjosef.com\/it\/impresa\/#webpage\",\"url\":\"https:\/\/www.pichlerjosef.com\/it\/impresa\/\",\"name\":\"Bauunternehmen in S\u00fcdtirol, Pichler Bau in Montan\",\"isPartOf\":{\"@id\":\"https:\/\/www.pichlerjosef.com\/#website\"},\"datePublished\":\"2017-05-29T08:54:43+00:00\",\"dateModified\":\"2019-01-02T08:21:30+00:00\",\"description\":\"Das Bauunternehmen in S\u00fcdtirol ist Ihr Spezialist f\u00fcr den Hochbau und Tiefbau. Pichler Josef Ihr kompetenter Partner wenn es um bauen geht!\",\"breadcrumb\":{\"@id\":\"https:\/\/www.pichlerjosef.com\/it\/impresa\/#breadcrumb\"},\"inLanguage\":\"it-IT\",\"potentialAction\":[{\"@type\":\"ReadAction\",\"target\":[\"https:\/\/www.pichlerjosef.com\/it\/impresa\/\"]}]},{\"@type\":\"BreadcrumbList\",\"@id\":\"https:\/\/www.pichlerjosef.com\/it\/impresa\/#breadcrumb\",\"itemListElement\":[{\"@type\":\"ListItem\",\"position\":1,\"name\":\"Startseite\",\"item\":\"https:\/\/www.pichlerjosef.com\/it\/\"},{\"@type\":\"ListItem\",\"position\":2,\"name\":\"Impresa\"}]}]}<\/script>\n<!-- \/ Yoast SEO plugin. -->","yoast_head_json":{"title":"Bauunternehmen in S\u00fcdtirol, Pichler Bau in Montan","description":"Das Bauunternehmen in S\u00fcdtirol ist Ihr Spezialist f\u00fcr den Hochbau und Tiefbau. Pichler Josef Ihr kompetenter Partner wenn es um bauen geht!","robots":{"index":"index","follow":"follow","max-snippet":"max-snippet:-1","max-image-preview":"max-image-preview:large","max-video-preview":"max-video-preview:-1"},"canonical":"https:\/\/www.pichlerjosef.com\/it\/impresa\/","og_locale":"it_IT","og_type":"article","og_title":"Bauunternehmen in S\u00fcdtirol, Pichler Bau in Montan","og_description":"Das Bauunternehmen in S\u00fcdtirol ist Ihr Spezialist f\u00fcr den Hochbau und Tiefbau. Pichler Josef Ihr kompetenter Partner wenn es um bauen geht!","og_url":"https:\/\/www.pichlerjosef.com\/it\/impresa\/","og_site_name":"www.pichlerjosef.com","article_publisher":"https:\/\/www.facebook.com\/Pichler-Josef-Tiefbau-127605807830854\/","article_modified_time":"2019-01-02T08:21:30+00:00","twitter_card":"summary","schema":{"@context":"https:\/\/schema.org","@graph":[{"@type":"WebSite","@id":"https:\/\/www.pichlerjosef.com\/#website","url":"https:\/\/www.pichlerjosef.com\/","name":"www.pichlerjosef.com","description":"","potentialAction":[{"@type":"SearchAction","target":{"@type":"EntryPoint","urlTemplate":"https:\/\/www.pichlerjosef.com\/?s={search_term_string}"},"query-input":"required name=search_term_string"}],"inLanguage":"it-IT"},{"@type":"WebPage","@id":"https:\/\/www.pichlerjosef.com\/it\/impresa\/#webpage","url":"https:\/\/www.pichlerjosef.com\/it\/impresa\/","name":"Bauunternehmen in S\u00fcdtirol, Pichler Bau in Montan","isPartOf":{"@id":"https:\/\/www.pichlerjosef.com\/#website"},"datePublished":"2017-05-29T08:54:43+00:00","dateModified":"2019-01-02T08:21:30+00:00","description":"Das Bauunternehmen in S\u00fcdtirol ist Ihr Spezialist f\u00fcr den Hochbau und Tiefbau. Pichler Josef Ihr kompetenter Partner wenn es um bauen geht!","breadcrumb":{"@id":"https:\/\/www.pichlerjosef.com\/it\/impresa\/#breadcrumb"},"inLanguage":"it-IT","potentialAction":[{"@type":"ReadAction","target":["https:\/\/www.pichlerjosef.com\/it\/impresa\/"]}]},{"@type":"BreadcrumbList","@id":"https:\/\/www.pichlerjosef.com\/it\/impresa\/#breadcrumb","itemListElement":[{"@type":"ListItem","position":1,"name":"Startseite","item":"https:\/\/www.pichlerjosef.com\/it\/"},{"@type":"ListItem","position":2,"name":"Impresa"}]}]}},"_links":{"self":[{"href":"https:\/\/www.pichlerjosef.com\/it\/wp-json\/wp\/v2\/pages\/287"}],"collection":[{"href":"https:\/\/www.pichlerjosef.com\/it\/wp-json\/wp\/v2\/pages"}],"about":[{"href":"https:\/\/www.pichlerjosef.com\/it\/wp-json\/wp\/v2\/types\/page"}],"author":[{"embeddable":true,"href":"https:\/\/www.pichlerjosef.com\/it\/wp-json\/wp\/v2\/users\/1"}],"replies":[{"embeddable":true,"href":"https:\/\/www.pichlerjosef.com\/it\/wp-json\/wp\/v2\/comments?post=287"}],"version-history":[{"count":9,"href":"https:\/\/www.pichlerjosef.com\/it\/wp-json\/wp\/v2\/pages\/287\/revisions"}],"predecessor-version":[{"id":1039,"href":"https:\/\/www.pichlerjosef.com\/it\/wp-json\/wp\/v2\/pages\/287\/revisions\/1039"}],"wp:attachment":[{"href":"https:\/\/www.pichlerjosef.com\/it\/wp-json\/wp\/v2\/media?parent=287"}],"curies":[{"name":"wp","href":"https:\/\/api.w.org\/{rel}","templated":true}]}}